{"id":19,"date":"2024-01-18T14:00:39","date_gmt":"2024-01-18T13:00:39","guid":{"rendered":"http:\/\/www.macmodel.es\/?page_id=19"},"modified":"2025-03-04T15:20:57","modified_gmt":"2025-03-04T14:20:57","slug":"maquinaria","status":"publish","type":"page","link":"http:\/\/www.macmodel.es\/ca\/maquinaria\/","title":{"rendered":"MAQUIN\u00c0RIA"},"content":{"rendered":"<div class=\"wp-block-cover wp-block-section wp-block-header-media-no-image\"><span aria-hidden=\"true\" class=\"wp-block-cover__background has-background-background-color has-background-dim-0 has-background-dim\"><\/span><div class=\"wp-block-cover__inner-container is-layout-flow wp-block-cover-is-layout-flow\">\n<div class=\"wp-block-group is-layout-constrained wp-block-group-is-layout-constrained\">\n<div class=\"wp-block-group header-title-wrapper is-content-justification-center is-layout-constrained wp-block-group-is-layout-constrained\">\n<div class=\"wp-block-group alignwide header-animate-wrap is-layout-constrained wp-block-group-is-layout-constrained\">\n<h2 class=\"wp-block-heading alignwide has-text-align-center header-animate has-huge-font-size\" style=\"font-style:normal;font-weight:500\">M\u00e0quines per a fabricar motlles i prototips<\/h2>\n<\/div>\n<\/div>\n\n\n\n<p>Para una&nbsp;empresa&nbsp;como la nuestra, que se dedica a la fabricaci\u00f3n de piezas, moldes y prototipos para industrias es fundamental contar con las mejores tecnolog\u00edas. Somos conscientes de que nuestro trabajo depende el \u00e9xito de otros y, por eso, nos tomamos muy en serio la responsabilidad que tenemos. Tenemos la suerte de contar con&nbsp;<strong>m\u00e0quines per a fabricar motlles i prototips<\/strong>&nbsp;d'\u00faltima generaci\u00f3, inversi\u00f3 que creiem que val la pena fer per a aconseguir oferir el millor servei disponible.<\/p>\n\n\n\n<p>Para nosotros el secreto del \u00e9xito de toda aquella empresa que se dedique a la&nbsp;mecanizaci\u00f3n de piezas&nbsp;son las m\u00e1quinas y equipos con los que cuente. Por esta raz\u00f3n en&nbsp;Mac &#8211; Model&nbsp;apostamos por la mejora del proceso productivo y, a d\u00eda de hoy, podemos enumerarte los siguientes medios t\u00e9cnicos:<\/p>\n\n\n\n<blockquote class=\"wp-block-quote is-layout-flow wp-block-quote-is-layout-flow\">\n<p><strong>TECNOLOGIA QUE TENIM EN MAC \u2013 MODEL<\/strong><\/p>\n<\/blockquote>\n\n\n\n<ul class=\"wp-block-list\">\n<li>Programes CAD CAM per a tota mena de disseny i fabricaci\u00f3 (NX Siemens, Hypermill i Cimatron E)<\/li>\n\n\n\n<li>Maquin\u00e0ria CNC de 3 i 5 eixos de gran qualitat d'acabat (m\u00e0xima dimensi\u00f3 en peces 2000 mm, 1200 mm i 600 mm)<\/li>\n\n\n\n<li>Mitjans de mesurament autom\u00e0tics incorporats al CNC<\/li>\n\n\n\n<li>Sistema (EROWA) d'amarrament r\u00e0pid per a l'agilitat dels treballs<\/li>\n\n\n\n<li>Maquin\u00e0ria diversa per a la manipulaci\u00f3 de components (acers, pl\u00e0stics i aluminis)<\/li>\n<\/ul>\n<\/div>\n<\/div><\/div>\n\n\n\n<div class=\"wp-block-group alignfull wp-block-section wp-block-feature-content is-layout-constrained wp-block-group-is-layout-constrained\">\n<div class=\"wp-block-group alignwide wp-block-group-heading is-layout-flow wp-container-core-group-is-layout-dc10bc65 wp-block-group-is-layout-flow\">\n<h2 class=\"wp-block-heading has-text-align-center\">Les nostres m\u00e0quines<\/h2>\n<\/div>\n\n\n\n<div class=\"wp-block-group alignwide wp-block-group-content is-layout-flow wp-block-group-is-layout-flow\">\n<div class=\"wp-block-columns alignwide is-layout-flex wp-container-core-columns-is-layout-28f84493 wp-block-columns-is-layout-flex\">\n<div class=\"wp-block-column is-layout-flow wp-block-column-is-layout-flow\">\n<div class=\"wp-block-group wp-block-post-group is-layout-flow wp-block-group-is-layout-flow\">\n<figure class=\"wp-block-image size-full\"><img decoding=\"async\" src=\"data:image\/gif;base64,R0lGODlhAQABAIAAAAAAAP\/\/\/yH5BAEAAAAALAAAAAABAAEAAAIBRAA7\" data-src=\"http:\/\/www.macmodel.es\/wp-content\/uploads\/2024\/02\/m9-e1707834139576-edited-1.jpg\" alt=\"\" class=\"wp-image-187 lazyload\"\/><noscript><img decoding=\"async\" width=\"1027\" height=\"770\" src=\"http:\/\/www.macmodel.es\/wp-content\/uploads\/2024\/02\/m9-e1707834139576-edited-1.jpg\" alt=\"\" class=\"wp-image-187 lazyload\" srcset=\"http:\/\/www.macmodel.es\/wp-content\/uploads\/2024\/02\/m9-e1707834139576-edited-1.jpg 1027w, http:\/\/www.macmodel.es\/wp-content\/uploads\/2024\/02\/m9-e1707834139576-edited-1-300x225.jpg 300w, http:\/\/www.macmodel.es\/wp-content\/uploads\/2024\/02\/m9-e1707834139576-edited-1-1024x768.jpg 1024w, http:\/\/www.macmodel.es\/wp-content\/uploads\/2024\/02\/m9-e1707834139576-edited-1-768x576.jpg 768w\" sizes=\"(max-width: 1027px) 100vw, 1027px\" \/><\/noscript><\/figure>\n\n\n\n<div class=\"wp-block-group wp-block-entry-content is-layout-flow wp-block-group-is-layout-flow\">\n<h3 class=\"wp-block-heading has-content-heading-font-size\"><strong><u>MAZAK VARIAXIS i-800NEO<\/u><\/strong><\/h3>\n\n\n\n<p>Centre de mecanitzat vertical 5 eixos.<\/p>\n\n\n\n<p>Sense rotaci\u00f3: X=890mm  I=750mm  Z=600 \/Amb: D 1000mm<\/p>\n\n\n\n<p>POT\u00c8NCIA 73.1 KW<\/p>\n<\/div>\n<\/div>\n<\/div>\n\n\n\n<div class=\"wp-block-column is-layout-flow wp-block-column-is-layout-flow\">\n<div class=\"wp-block-group wp-block-post-group is-layout-flow wp-block-group-is-layout-flow\">\n<figure class=\"wp-block-image size-full\"><img decoding=\"async\" src=\"data:image\/gif;base64,R0lGODlhAQABAIAAAAAAAP\/\/\/yH5BAEAAAAALAAAAAABAAEAAAIBRAA7\" data-src=\"http:\/\/www.macmodel.es\/wp-content\/uploads\/2024\/02\/M1.jpg\" alt=\"\" class=\"wp-image-173 lazyload\"\/><noscript><img decoding=\"async\" width=\"1297\" height=\"971\" src=\"http:\/\/www.macmodel.es\/wp-content\/uploads\/2024\/02\/M1.jpg\" alt=\"\" class=\"wp-image-173 lazyload\" srcset=\"http:\/\/www.macmodel.es\/wp-content\/uploads\/2024\/02\/M1.jpg 1297w, http:\/\/www.macmodel.es\/wp-content\/uploads\/2024\/02\/M1-300x225.jpg 300w, http:\/\/www.macmodel.es\/wp-content\/uploads\/2024\/02\/M1-1024x767.jpg 1024w, http:\/\/www.macmodel.es\/wp-content\/uploads\/2024\/02\/M1-768x575.jpg 768w\" sizes=\"(max-width: 1297px) 100vw, 1297px\" \/><\/noscript><\/figure>\n\n\n\n<div class=\"wp-block-group wp-block-entry-content is-layout-flow wp-block-group-is-layout-flow\">\n<h3 class=\"wp-block-heading has-content-heading-font-size\"><strong><u>AWEA VP2012<\/u><\/strong><\/h3>\n\n\n\n<p>Centre de mecanitzat vertical 3 eixos.<\/p>\n\n\n\n<p>Capacitat: X=2000mm   I=1200mm  Z=1000<\/p>\n\n\n\n<p>POT\u00c8NCIA 40 KW<\/p>\n<\/div>\n<\/div>\n<\/div>\n\n\n\n<div class=\"wp-block-column is-layout-flow wp-block-column-is-layout-flow\">\n<div class=\"wp-block-group wp-block-post-group is-layout-flow wp-block-group-is-layout-flow\">\n<figure class=\"wp-block-image size-full\"><img decoding=\"async\" src=\"data:image\/gif;base64,R0lGODlhAQABAIAAAAAAAP\/\/\/yH5BAEAAAAALAAAAAABAAEAAAIBRAA7\" data-src=\"http:\/\/www.macmodel.es\/wp-content\/uploads\/2024\/02\/M2.jpg\" alt=\"\" class=\"wp-image-174 lazyload\"\/><noscript><img decoding=\"async\" width=\"1297\" height=\"971\" src=\"http:\/\/www.macmodel.es\/wp-content\/uploads\/2024\/02\/M2.jpg\" alt=\"\" class=\"wp-image-174 lazyload\" srcset=\"http:\/\/www.macmodel.es\/wp-content\/uploads\/2024\/02\/M2.jpg 1297w, http:\/\/www.macmodel.es\/wp-content\/uploads\/2024\/02\/M2-300x225.jpg 300w, http:\/\/www.macmodel.es\/wp-content\/uploads\/2024\/02\/M2-1024x767.jpg 1024w, http:\/\/www.macmodel.es\/wp-content\/uploads\/2024\/02\/M2-768x575.jpg 768w\" sizes=\"(max-width: 1297px) 100vw, 1297px\" \/><\/noscript><\/figure>\n\n\n\n<div class=\"wp-block-group wp-block-entry-content is-layout-flow wp-block-group-is-layout-flow\">\n<h3 class=\"wp-block-heading has-content-heading-font-size\"><strong><u>LEADWELL V-50L&nbsp;(<\/u><\/strong>X3)<\/h3>\n\n\n\n<p>Centre de mecanitzat vertical 3 eixos.<\/p>\n\n\n\n<p>Capacitat: X=1270mm   I=635mm  Z=610mm<\/p>\n\n\n\n<p>POT\u00c8NCIA 35 KW<\/p>\n<\/div>\n<\/div>\n<\/div>\n<\/div>\n<\/div>\n<\/div>\n\n\n\n<div class=\"wp-block-group alignfull wp-block-section wp-block-feature-content is-layout-constrained wp-block-group-is-layout-constrained\">\n<div class=\"wp-block-group alignwide wp-block-group-content is-layout-flow wp-block-group-is-layout-flow\">\n<div class=\"wp-block-columns alignwide is-layout-flex wp-container-core-columns-is-layout-28f84493 wp-block-columns-is-layout-flex\">\n<div class=\"wp-block-column is-layout-flow wp-block-column-is-layout-flow\">\n<div class=\"wp-block-group wp-block-post-group is-layout-flow wp-block-group-is-layout-flow\">\n<figure class=\"wp-block-image size-full\"><img decoding=\"async\" src=\"data:image\/gif;base64,R0lGODlhAQABAIAAAAAAAP\/\/\/yH5BAEAAAAALAAAAAABAAEAAAIBRAA7\" data-src=\"http:\/\/www.macmodel.es\/wp-content\/uploads\/2024\/02\/m3.jpg\" alt=\"\" class=\"wp-image-175 lazyload\"\/><noscript><img decoding=\"async\" width=\"1297\" height=\"971\" src=\"http:\/\/www.macmodel.es\/wp-content\/uploads\/2024\/02\/m3.jpg\" alt=\"\" class=\"wp-image-175 lazyload\" srcset=\"http:\/\/www.macmodel.es\/wp-content\/uploads\/2024\/02\/m3.jpg 1297w, http:\/\/www.macmodel.es\/wp-content\/uploads\/2024\/02\/m3-300x225.jpg 300w, http:\/\/www.macmodel.es\/wp-content\/uploads\/2024\/02\/m3-1024x767.jpg 1024w, http:\/\/www.macmodel.es\/wp-content\/uploads\/2024\/02\/m3-768x575.jpg 768w\" sizes=\"(max-width: 1297px) 100vw, 1297px\" \/><\/noscript><\/figure>\n\n\n\n<div class=\"wp-block-group wp-block-entry-content is-layout-flow wp-block-group-is-layout-flow\">\n<h3 class=\"wp-block-heading has-content-heading-font-size\"><strong><u>MATSURA MX-520<\/u><\/strong><\/h3>\n\n\n\n<p>Centre de mecanitzat vertical 5 eixos.<\/p>\n\n\n\n<p class=\"has-normal-font-size\">Sense rotaci\u00f3: X=630mm  I=560mm Z=510\/Amb:750mm<\/p>\n\n\n\n<p class=\"has-normal-font-size\">POT\u00c8NCIA 44 KW<\/p>\n<\/div>\n<\/div>\n<\/div>\n\n\n\n<div class=\"wp-block-column is-layout-flow wp-block-column-is-layout-flow\">\n<div class=\"wp-block-group wp-block-post-group is-layout-flow wp-block-group-is-layout-flow\">\n<figure class=\"wp-block-image size-full\"><img decoding=\"async\" src=\"data:image\/gif;base64,R0lGODlhAQABAIAAAAAAAP\/\/\/yH5BAEAAAAALAAAAAABAAEAAAIBRAA7\" data-src=\"http:\/\/www.macmodel.es\/wp-content\/uploads\/2024\/02\/m4.jpg\" alt=\"\" class=\"wp-image-176 lazyload\"\/><noscript><img decoding=\"async\" width=\"1297\" height=\"971\" src=\"http:\/\/www.macmodel.es\/wp-content\/uploads\/2024\/02\/m4.jpg\" alt=\"\" class=\"wp-image-176 lazyload\" srcset=\"http:\/\/www.macmodel.es\/wp-content\/uploads\/2024\/02\/m4.jpg 1297w, http:\/\/www.macmodel.es\/wp-content\/uploads\/2024\/02\/m4-300x225.jpg 300w, http:\/\/www.macmodel.es\/wp-content\/uploads\/2024\/02\/m4-1024x767.jpg 1024w, http:\/\/www.macmodel.es\/wp-content\/uploads\/2024\/02\/m4-768x575.jpg 768w\" sizes=\"(max-width: 1297px) 100vw, 1297px\" \/><\/noscript><\/figure>\n\n\n\n<div class=\"wp-block-group wp-block-entry-content is-layout-flow wp-block-group-is-layout-flow\">\n<h3 class=\"wp-block-heading has-content-heading-font-size\"><strong><u>MORI SEIKI DURACENTER5<\/u><\/strong><\/h3>\n\n\n\n<p>Centre de mecanitzat vertical 3 eixos.<\/p>\n\n\n\n<p>Capacitat: X=800mm   I=510mm  Z=550mm<\/p>\n\n\n\n<p>POT\u00c8NCIA 28 KW<\/p>\n<\/div>\n<\/div>\n<\/div>\n\n\n\n<div class=\"wp-block-column is-layout-flow wp-block-column-is-layout-flow\">\n<div class=\"wp-block-group wp-block-post-group is-layout-flow wp-block-group-is-layout-flow\">\n<figure class=\"wp-block-image size-full wp-duotone-unset-1\"><img decoding=\"async\" src=\"data:image\/gif;base64,R0lGODlhAQABAIAAAAAAAP\/\/\/yH5BAEAAAAALAAAAAABAAEAAAIBRAA7\" data-src=\"http:\/\/www.macmodel.es\/wp-content\/uploads\/2024\/02\/m5.jpg\" alt=\"\" class=\"wp-image-177 lazyload\"\/><noscript><img decoding=\"async\" width=\"1297\" height=\"971\" src=\"http:\/\/www.macmodel.es\/wp-content\/uploads\/2024\/02\/m5.jpg\" alt=\"\" class=\"wp-image-177 lazyload\" srcset=\"http:\/\/www.macmodel.es\/wp-content\/uploads\/2024\/02\/m5.jpg 1297w, http:\/\/www.macmodel.es\/wp-content\/uploads\/2024\/02\/m5-300x225.jpg 300w, http:\/\/www.macmodel.es\/wp-content\/uploads\/2024\/02\/m5-1024x767.jpg 1024w, http:\/\/www.macmodel.es\/wp-content\/uploads\/2024\/02\/m5-768x575.jpg 768w\" sizes=\"(max-width: 1297px) 100vw, 1297px\" \/><\/noscript><\/figure>\n\n\n\n<div class=\"wp-block-group wp-block-entry-content is-layout-flow wp-block-group-is-layout-flow\">\n<h3 class=\"wp-block-heading has-content-heading-font-size\"><strong><u>GENTIGER GT-105<\/u><\/strong><\/h3>\n\n\n\n<p>Centre de mecanitzat vertical 3 eixos.<\/p>\n\n\n\n<p>Capacitat: X=1000mm   I=600mm  Z=600mm<\/p>\n\n\n\n<p>POT\u00c8NCIA 35 KW<\/p>\n<\/div>\n<\/div>\n<\/div>\n<\/div>\n<\/div>\n<\/div>\n\n\n\n<div class=\"wp-block-group alignfull wp-block-section wp-block-feature-content is-layout-constrained wp-block-group-is-layout-constrained\">\n<div class=\"wp-block-group alignwide wp-block-group-content is-layout-flow wp-block-group-is-layout-flow\">\n<div class=\"wp-block-columns alignwide is-layout-flex wp-container-core-columns-is-layout-28f84493 wp-block-columns-is-layout-flex\">\n<div class=\"wp-block-column is-layout-flow wp-block-column-is-layout-flow\">\n<div class=\"wp-block-group wp-block-post-group is-layout-flow wp-block-group-is-layout-flow\">\n<figure class=\"wp-block-image size-full wp-duotone-unset-2\"><img decoding=\"async\" src=\"data:image\/gif;base64,R0lGODlhAQABAIAAAAAAAP\/\/\/yH5BAEAAAAALAAAAAABAAEAAAIBRAA7\" data-src=\"http:\/\/www.macmodel.es\/wp-content\/uploads\/2024\/02\/m6.jpg\" alt=\"\" class=\"wp-image-178 lazyload\"\/><noscript><img decoding=\"async\" width=\"1297\" height=\"971\" src=\"http:\/\/www.macmodel.es\/wp-content\/uploads\/2024\/02\/m6.jpg\" alt=\"\" class=\"wp-image-178 lazyload\" srcset=\"http:\/\/www.macmodel.es\/wp-content\/uploads\/2024\/02\/m6.jpg 1297w, http:\/\/www.macmodel.es\/wp-content\/uploads\/2024\/02\/m6-300x225.jpg 300w, http:\/\/www.macmodel.es\/wp-content\/uploads\/2024\/02\/m6-1024x767.jpg 1024w, http:\/\/www.macmodel.es\/wp-content\/uploads\/2024\/02\/m6-768x575.jpg 768w\" sizes=\"(max-width: 1297px) 100vw, 1297px\" \/><\/noscript><\/figure>\n\n\n\n<div class=\"wp-block-group wp-block-entry-content is-layout-flow wp-block-group-is-layout-flow\">\n<h3 class=\"wp-block-heading has-content-heading-font-size\"><strong><u>GENTIGER GT-175V<\/u><\/strong><\/h3>\n\n\n\n<p>Centre de mecanitzat vertical 3 eixos.<\/p>\n\n\n\n<p>Capacitat: X=1150mm   I=750mm  Z=600mm<\/p>\n\n\n\n<p>POT\u00c8NCIA 55 KW<\/p>\n<\/div>\n<\/div>\n<\/div>\n\n\n\n<div class=\"wp-block-column is-layout-flow wp-block-column-is-layout-flow\">\n<div class=\"wp-block-group wp-block-post-group is-layout-flow wp-block-group-is-layout-flow\">\n<figure class=\"wp-block-image size-full\"><img decoding=\"async\" src=\"data:image\/gif;base64,R0lGODlhAQABAIAAAAAAAP\/\/\/yH5BAEAAAAALAAAAAABAAEAAAIBRAA7\" data-src=\"http:\/\/www.macmodel.es\/wp-content\/uploads\/2024\/02\/m7.jpg\" alt=\"\" class=\"wp-image-179 lazyload\"\/><noscript><img decoding=\"async\" width=\"1297\" height=\"971\" src=\"http:\/\/www.macmodel.es\/wp-content\/uploads\/2024\/02\/m7.jpg\" alt=\"\" class=\"wp-image-179 lazyload\" srcset=\"http:\/\/www.macmodel.es\/wp-content\/uploads\/2024\/02\/m7.jpg 1297w, http:\/\/www.macmodel.es\/wp-content\/uploads\/2024\/02\/m7-300x225.jpg 300w, http:\/\/www.macmodel.es\/wp-content\/uploads\/2024\/02\/m7-1024x767.jpg 1024w, http:\/\/www.macmodel.es\/wp-content\/uploads\/2024\/02\/m7-768x575.jpg 768w\" sizes=\"(max-width: 1297px) 100vw, 1297px\" \/><\/noscript><\/figure>\n\n\n\n<div class=\"wp-block-group wp-block-entry-content is-layout-flow wp-block-group-is-layout-flow\">\n<h3 class=\"wp-block-heading has-content-heading-font-size\"><strong><u>OKUMA LB15<\/u><\/strong><\/h3>\n\n\n\n<p>Torn horitzontal. Longitud de tornejat: 500mm<\/p>\n\n\n\n<p>12 posicions de cap\u00e7al. Velocitat claveguera: 4200 RPM<\/p>\n\n\n\n<p>POT\u00c8NCIA KW21<\/p>\n<\/div>\n<\/div>\n<\/div>\n\n\n\n<div class=\"wp-block-column is-layout-flow wp-block-column-is-layout-flow\">\n<div class=\"wp-block-group wp-block-post-group is-layout-flow wp-block-group-is-layout-flow\">\n<figure class=\"wp-block-image size-full wp-duotone-unset-3\"><img decoding=\"async\" src=\"data:image\/gif;base64,R0lGODlhAQABAIAAAAAAAP\/\/\/yH5BAEAAAAALAAAAAABAAEAAAIBRAA7\" data-src=\"http:\/\/www.macmodel.es\/wp-content\/uploads\/2024\/02\/m8.jpg\" alt=\"\" class=\"wp-image-180 lazyload\"\/><noscript><img decoding=\"async\" width=\"1297\" height=\"971\" src=\"http:\/\/www.macmodel.es\/wp-content\/uploads\/2024\/02\/m8.jpg\" alt=\"\" class=\"wp-image-180 lazyload\" srcset=\"http:\/\/www.macmodel.es\/wp-content\/uploads\/2024\/02\/m8.jpg 1297w, http:\/\/www.macmodel.es\/wp-content\/uploads\/2024\/02\/m8-300x225.jpg 300w, http:\/\/www.macmodel.es\/wp-content\/uploads\/2024\/02\/m8-1024x767.jpg 1024w, http:\/\/www.macmodel.es\/wp-content\/uploads\/2024\/02\/m8-768x575.jpg 768w\" sizes=\"(max-width: 1297px) 100vw, 1297px\" \/><\/noscript><\/figure>\n\n\n\n<div class=\"wp-block-group wp-block-entry-content is-layout-flow wp-block-group-is-layout-flow\">\n<h3 class=\"wp-block-heading has-content-heading-font-size\"><strong><u>AGIE AGIECUT CLASSIC<\/u><\/strong><\/h3>\n\n\n\n<p>Electroerosi\u00f3 per fil<\/p>\n\n\n\n<div style=\"height:15px\" aria-hidden=\"true\" class=\"wp-block-spacer\"><\/div>\n\n\n\n<p>Capacitat: X=550mm   I=350mm  Z=200mm<\/p>\n\n\n\n<p>POT\u00c8NCIA 9 KW<\/p>\n<\/div>\n<\/div>\n<\/div>\n<\/div>\n<\/div>\n<\/div>","protected":false},"excerpt":{"rendered":"<p>Nuestras m\u00e1quinas MAZAK VARIAXIS i-800NEO Centro de mecanizado vertical 5 ejes. Sin rotaci\u00f3n: X=890mm&nbsp; Y=750mm&nbsp; Z=600 \/Con: D 1000mm POTENCIA 73.1 KW AWEA VP2012 Centro de mecanizado vertical 3 ejes. Capacidad: X=2000mm&nbsp;&nbsp; Y=1200mm&nbsp; Z=1000 POTENCIA 40 KW LEADWELL V-50L&nbsp;(X3) Centro de mecanizado vertical 3 ejes. Capacidad: X=1270mm&nbsp;&nbsp; Y=635mm&nbsp; Z=610mm POTENCIA 35 KW MATSURA MX-520 Centro [&hellip;]<\/p>\n","protected":false},"author":1,"featured_media":0,"parent":0,"menu_order":0,"comment_status":"closed","ping_status":"closed","template":"","meta":{"footnotes":""},"class_list":["post-19","page","type-page","status-publish","hentry"],"yoast_head":"<!-- This site is optimized with the Yoast SEO plugin v27.4 - https:\/\/yoast.com\/product\/yoast-seo-wordpress\/ -->\n<title>MAQUINARIA - MAC - MODEL<\/title>\n<meta name=\"robots\" content=\"index, follow, max-snippet:-1, max-image-preview:large, max-video-preview:-1\" \/>\n<link rel=\"canonical\" href=\"https:\/\/www.macmodel.es\/ca\/maquinaria\/\" \/>\n<meta property=\"og:locale\" content=\"ca_ES\" \/>\n<meta property=\"og:type\" content=\"article\" \/>\n<meta property=\"og:title\" content=\"MAQUINARIA - MAC - MODEL\" \/>\n<meta property=\"og:description\" content=\"Nuestras m\u00e1quinas MAZAK VARIAXIS i-800NEO Centro de mecanizado vertical 5 ejes. Sin rotaci\u00f3n: X=890mm&nbsp; Y=750mm&nbsp; Z=600 \/Con: D 1000mm POTENCIA 73.1 KW AWEA VP2012 Centro de mecanizado vertical 3 ejes. Capacidad: X=2000mm&nbsp;&nbsp; Y=1200mm&nbsp; Z=1000 POTENCIA 40 KW LEADWELL V-50L&nbsp;(X3) Centro de mecanizado vertical 3 ejes. Capacidad: X=1270mm&nbsp;&nbsp; Y=635mm&nbsp; Z=610mm POTENCIA 35 KW MATSURA MX-520 Centro [&hellip;]\" \/>\n<meta property=\"og:url\" content=\"https:\/\/www.macmodel.es\/ca\/maquinaria\/\" \/>\n<meta property=\"og:site_name\" content=\"MAC - MODEL\" \/>\n<meta property=\"article:modified_time\" content=\"2025-03-04T14:20:57+00:00\" \/>\n<meta property=\"og:image\" content=\"http:\/\/www.macmodel.es\/wp-content\/uploads\/2024\/02\/m9-e1707834139576-edited-1.jpg\" \/>\n\t<meta property=\"og:image:width\" content=\"1027\" \/>\n\t<meta property=\"og:image:height\" content=\"770\" \/>\n\t<meta property=\"og:image:type\" content=\"image\/jpeg\" \/>\n<meta name=\"twitter:card\" content=\"summary_large_image\" \/>\n<meta name=\"twitter:label1\" content=\"Temps estimat de lectura\" \/>\n\t<meta name=\"twitter:data1\" content=\"4 minuts\" \/>\n<script type=\"application\/ld+json\" class=\"yoast-schema-graph\">{\"@context\":\"https:\\\/\\\/schema.org\",\"@graph\":[{\"@type\":\"WebPage\",\"@id\":\"https:\\\/\\\/www.macmodel.es\\\/maquinaria\\\/\",\"url\":\"https:\\\/\\\/www.macmodel.es\\\/maquinaria\\\/\",\"name\":\"MAQUINARIA - MAC - MODEL\",\"isPartOf\":{\"@id\":\"https:\\\/\\\/www.macmodel.es\\\/#website\"},\"primaryImageOfPage\":{\"@id\":\"https:\\\/\\\/www.macmodel.es\\\/maquinaria\\\/#primaryimage\"},\"image\":{\"@id\":\"https:\\\/\\\/www.macmodel.es\\\/maquinaria\\\/#primaryimage\"},\"thumbnailUrl\":\"http:\\\/\\\/www.macmodel.es\\\/wp-content\\\/uploads\\\/2024\\\/02\\\/m9-e1707834139576-edited-1.jpg\",\"datePublished\":\"2024-01-18T13:00:39+00:00\",\"dateModified\":\"2025-03-04T14:20:57+00:00\",\"breadcrumb\":{\"@id\":\"https:\\\/\\\/www.macmodel.es\\\/maquinaria\\\/#breadcrumb\"},\"inLanguage\":\"ca\",\"potentialAction\":[{\"@type\":\"ReadAction\",\"target\":[\"https:\\\/\\\/www.macmodel.es\\\/maquinaria\\\/\"]}]},{\"@type\":\"ImageObject\",\"inLanguage\":\"ca\",\"@id\":\"https:\\\/\\\/www.macmodel.es\\\/maquinaria\\\/#primaryimage\",\"url\":\"http:\\\/\\\/www.macmodel.es\\\/wp-content\\\/uploads\\\/2024\\\/02\\\/m9-e1707834139576-edited-1.jpg\",\"contentUrl\":\"http:\\\/\\\/www.macmodel.es\\\/wp-content\\\/uploads\\\/2024\\\/02\\\/m9-e1707834139576-edited-1.jpg\"},{\"@type\":\"BreadcrumbList\",\"@id\":\"https:\\\/\\\/www.macmodel.es\\\/maquinaria\\\/#breadcrumb\",\"itemListElement\":[{\"@type\":\"ListItem\",\"position\":1,\"name\":\"Portada\",\"item\":\"https:\\\/\\\/www.macmodel.es\\\/\"},{\"@type\":\"ListItem\",\"position\":2,\"name\":\"MAQUINARIA\"}]},{\"@type\":\"WebSite\",\"@id\":\"https:\\\/\\\/www.macmodel.es\\\/#website\",\"url\":\"https:\\\/\\\/www.macmodel.es\\\/\",\"name\":\"MAC - MODEL\",\"description\":\"F\u00e1brica de moldes en Manresa\",\"publisher\":{\"@id\":\"https:\\\/\\\/www.macmodel.es\\\/#organization\"},\"potentialAction\":[{\"@type\":\"SearchAction\",\"target\":{\"@type\":\"EntryPoint\",\"urlTemplate\":\"https:\\\/\\\/www.macmodel.es\\\/?s={search_term_string}\"},\"query-input\":{\"@type\":\"PropertyValueSpecification\",\"valueRequired\":true,\"valueName\":\"search_term_string\"}}],\"inLanguage\":\"ca\"},{\"@type\":\"Organization\",\"@id\":\"https:\\\/\\\/www.macmodel.es\\\/#organization\",\"name\":\"MAC - MODEL\",\"url\":\"https:\\\/\\\/www.macmodel.es\\\/\",\"logo\":{\"@type\":\"ImageObject\",\"inLanguage\":\"ca\",\"@id\":\"https:\\\/\\\/www.macmodel.es\\\/#\\\/schema\\\/logo\\\/image\\\/\",\"url\":\"http:\\\/\\\/www.macmodel.es\\\/wp-content\\\/uploads\\\/2025\\\/09\\\/2d.png\",\"contentUrl\":\"http:\\\/\\\/www.macmodel.es\\\/wp-content\\\/uploads\\\/2025\\\/09\\\/2d.png\",\"width\":603,\"height\":267,\"caption\":\"MAC - MODEL\"},\"image\":{\"@id\":\"https:\\\/\\\/www.macmodel.es\\\/#\\\/schema\\\/logo\\\/image\\\/\"},\"sameAs\":[\"https:\\\/\\\/www.instagram.com\\\/macmodelprototipos\\\/\"]}]}<\/script>\n<!-- \/ Yoast SEO plugin. -->","yoast_head_json":{"title":"MAQUINARIA - MAC - MODEL","robots":{"index":"index","follow":"follow","max-snippet":"max-snippet:-1","max-image-preview":"max-image-preview:large","max-video-preview":"max-video-preview:-1"},"canonical":"https:\/\/www.macmodel.es\/ca\/maquinaria\/","og_locale":"ca_ES","og_type":"article","og_title":"MAQUINARIA - MAC - MODEL","og_description":"Nuestras m\u00e1quinas MAZAK VARIAXIS i-800NEO Centro de mecanizado vertical 5 ejes. Sin rotaci\u00f3n: X=890mm&nbsp; Y=750mm&nbsp; Z=600 \/Con: D 1000mm POTENCIA 73.1 KW AWEA VP2012 Centro de mecanizado vertical 3 ejes. Capacidad: X=2000mm&nbsp;&nbsp; Y=1200mm&nbsp; Z=1000 POTENCIA 40 KW LEADWELL V-50L&nbsp;(X3) Centro de mecanizado vertical 3 ejes. Capacidad: X=1270mm&nbsp;&nbsp; Y=635mm&nbsp; Z=610mm POTENCIA 35 KW MATSURA MX-520 Centro [&hellip;]","og_url":"https:\/\/www.macmodel.es\/ca\/maquinaria\/","og_site_name":"MAC - MODEL","article_modified_time":"2025-03-04T14:20:57+00:00","og_image":[{"width":1027,"height":770,"url":"http:\/\/www.macmodel.es\/wp-content\/uploads\/2024\/02\/m9-e1707834139576-edited-1.jpg","type":"image\/jpeg"}],"twitter_card":"summary_large_image","twitter_misc":{"Temps estimat de lectura":"4 minuts"},"schema":{"@context":"https:\/\/schema.org","@graph":[{"@type":"WebPage","@id":"https:\/\/www.macmodel.es\/maquinaria\/","url":"https:\/\/www.macmodel.es\/maquinaria\/","name":"MAQUINARIA - MAC - MODEL","isPartOf":{"@id":"https:\/\/www.macmodel.es\/#website"},"primaryImageOfPage":{"@id":"https:\/\/www.macmodel.es\/maquinaria\/#primaryimage"},"image":{"@id":"https:\/\/www.macmodel.es\/maquinaria\/#primaryimage"},"thumbnailUrl":"http:\/\/www.macmodel.es\/wp-content\/uploads\/2024\/02\/m9-e1707834139576-edited-1.jpg","datePublished":"2024-01-18T13:00:39+00:00","dateModified":"2025-03-04T14:20:57+00:00","breadcrumb":{"@id":"https:\/\/www.macmodel.es\/maquinaria\/#breadcrumb"},"inLanguage":"ca","potentialAction":[{"@type":"ReadAction","target":["https:\/\/www.macmodel.es\/maquinaria\/"]}]},{"@type":"ImageObject","inLanguage":"ca","@id":"https:\/\/www.macmodel.es\/maquinaria\/#primaryimage","url":"http:\/\/www.macmodel.es\/wp-content\/uploads\/2024\/02\/m9-e1707834139576-edited-1.jpg","contentUrl":"http:\/\/www.macmodel.es\/wp-content\/uploads\/2024\/02\/m9-e1707834139576-edited-1.jpg"},{"@type":"BreadcrumbList","@id":"https:\/\/www.macmodel.es\/maquinaria\/#breadcrumb","itemListElement":[{"@type":"ListItem","position":1,"name":"Portada","item":"https:\/\/www.macmodel.es\/"},{"@type":"ListItem","position":2,"name":"MAQUINARIA"}]},{"@type":"WebSite","@id":"https:\/\/www.macmodel.es\/#website","url":"https:\/\/www.macmodel.es\/","name":"MAC - MODEL","description":"F\u00e0brica de motlles a Manresa","publisher":{"@id":"https:\/\/www.macmodel.es\/#organization"},"potentialAction":[{"@type":"SearchAction","target":{"@type":"EntryPoint","urlTemplate":"https:\/\/www.macmodel.es\/?s={search_term_string}"},"query-input":{"@type":"PropertyValueSpecification","valueRequired":true,"valueName":"search_term_string"}}],"inLanguage":"ca"},{"@type":"Organization","@id":"https:\/\/www.macmodel.es\/#organization","name":"MAC - MODEL","url":"https:\/\/www.macmodel.es\/","logo":{"@type":"ImageObject","inLanguage":"ca","@id":"https:\/\/www.macmodel.es\/#\/schema\/logo\/image\/","url":"http:\/\/www.macmodel.es\/wp-content\/uploads\/2025\/09\/2d.png","contentUrl":"http:\/\/www.macmodel.es\/wp-content\/uploads\/2025\/09\/2d.png","width":603,"height":267,"caption":"MAC - MODEL"},"image":{"@id":"https:\/\/www.macmodel.es\/#\/schema\/logo\/image\/"},"sameAs":["https:\/\/www.instagram.com\/macmodelprototipos\/"]}]}},"_links":{"self":[{"href":"http:\/\/www.macmodel.es\/ca\/wp-json\/wp\/v2\/pages\/19","targetHints":{"allow":["GET"]}}],"collection":[{"href":"http:\/\/www.macmodel.es\/ca\/wp-json\/wp\/v2\/pages"}],"about":[{"href":"http:\/\/www.macmodel.es\/ca\/wp-json\/wp\/v2\/types\/page"}],"author":[{"embeddable":true,"href":"http:\/\/www.macmodel.es\/ca\/wp-json\/wp\/v2\/users\/1"}],"replies":[{"embeddable":true,"href":"http:\/\/www.macmodel.es\/ca\/wp-json\/wp\/v2\/comments?post=19"}],"version-history":[{"count":7,"href":"http:\/\/www.macmodel.es\/ca\/wp-json\/wp\/v2\/pages\/19\/revisions"}],"predecessor-version":[{"id":320,"href":"http:\/\/www.macmodel.es\/ca\/wp-json\/wp\/v2\/pages\/19\/revisions\/320"}],"wp:attachment":[{"href":"http:\/\/www.macmodel.es\/ca\/wp-json\/wp\/v2\/media?parent=19"}],"curies":[{"name":"wp","href":"https:\/\/api.w.org\/{rel}","templated":true}]}}