{"id":64,"date":"2024-01-18T15:57:57","date_gmt":"2024-01-18T14:57:57","guid":{"rendered":"http:\/\/www.macmodel.es\/?page_id=64"},"modified":"2025-03-19T13:53:48","modified_gmt":"2025-03-19T12:53:48","slug":"certificacion","status":"publish","type":"page","link":"http:\/\/www.macmodel.es\/ca\/calidad\/certificacion\/","title":{"rendered":"Certificaci\u00f3"},"content":{"rendered":"<div class=\"wp-block-group alignfull wp-block-section  wp-block-hero-content is-layout-flow wp-block-group-is-layout-flow\">\n<div class=\"wp-block-group is-layout-flow wp-block-group-is-layout-flow\">\n<div class=\"wp-block-group is-layout-constrained wp-block-group-is-layout-constrained\">\n<div class=\"wp-block-media-text alignwide is-stacked-on-mobile\" style=\"grid-template-columns:34% auto\"><figure class=\"wp-block-media-text__media\"><img decoding=\"async\" src=\"data:image\/gif;base64,R0lGODlhAQABAIAAAAAAAP\/\/\/yH5BAEAAAAALAAAAAABAAEAAAIBRAA7\" data-src=\"http:\/\/www.macmodel.es\/wp-content\/uploads\/2024\/01\/TR-Testmark_9000003441_ES_CMYK_with-QR-Code_page-0001.jpg\" alt=\"\" class=\"wp-image-322 size-full lazyload\"\/><noscript><img decoding=\"async\" width=\"983\" height=\"363\" src=\"http:\/\/www.macmodel.es\/wp-content\/uploads\/2024\/01\/TR-Testmark_9000003441_ES_CMYK_with-QR-Code_page-0001.jpg\" alt=\"\" class=\"wp-image-322 size-full lazyload\" srcset=\"http:\/\/www.macmodel.es\/wp-content\/uploads\/2024\/01\/TR-Testmark_9000003441_ES_CMYK_with-QR-Code_page-0001.jpg 983w, http:\/\/www.macmodel.es\/wp-content\/uploads\/2024\/01\/TR-Testmark_9000003441_ES_CMYK_with-QR-Code_page-0001-300x111.jpg 300w, http:\/\/www.macmodel.es\/wp-content\/uploads\/2024\/01\/TR-Testmark_9000003441_ES_CMYK_with-QR-Code_page-0001-768x284.jpg 768w, http:\/\/www.macmodel.es\/wp-content\/uploads\/2024\/01\/TR-Testmark_9000003441_ES_CMYK_with-QR-Code_page-0001-18x7.jpg 18w\" sizes=\"(max-width: 983px) 100vw, 983px\" \/><\/noscript><\/figure><div class=\"wp-block-media-text__content\">\n<div class=\"wp-block-group wp-block-group-heading is-layout-flow wp-container-core-group-is-layout-dc10bc65 wp-block-group-is-layout-flow\">\n<h1 class=\"wp-block-heading has-text-align-left has-body-text-color has-text-color has-medium-font-size\" style=\"font-style:normal;font-weight:600;line-height:1.8;text-transform:uppercase\">Certificat de qualitat ISO 9001:2015<\/h1>\n\n\n\n<h2 class=\"wp-block-heading has-text-align-left\">En MAC-MODEL cuidem la qualitat en la producci\u00f3 en tots els sentits<\/h2>\n<\/div>\n\n\n\n<ul class=\"wp-block-list\">\n<li><strong>NORMA D'APLICACI\u00d3<\/strong>: ISO 9001:2015<\/li>\n\n\n\n<li><strong>N\u00daMERO DE REGISTRE CERTIFICAT<\/strong>: 0.04.19091<\/li>\n<\/ul>\n\n\n\n<p>T\u00dcV Rheinland Ib\u00e9rica Inspection, Certification &amp; Testing S.A. certifica:<\/p>\n\n\n\n<ul class=\"wp-block-list\">\n<li><strong>TITULAR DEL CERTIFICAT:<\/strong>&nbsp;MAC MODEL S.L.<br>Doctor Ferr\u00e0n, 8 &#8211; Pol\u00edgono Industrial Bufalvent<br>08243 Manresa<br>Espa\u00f1a<\/li>\n\n\n\n<li><strong>\u00c0MBIT D'APLICACI\u00d3:<\/strong>&nbsp;Fabricaci\u00f3 de motlles i matrius.<br>Mitjan\u00e7ant auditoria realitzada, segons consta en l'informe n\u00famero 0.04.19091 es va verificar el compliment dels requisits recollits en la norma ISO 9001:2015.<br>La data l\u00edmit per a l'auditoria de seguiment \u00e9s 10-18 (mm \u2013 dd).<\/li>\n\n\n\n<li><strong>VALIDESA:<\/strong>&nbsp;Aquest certificat \u00e9s v\u00e0lid des de 2022-11-22 fins a 2025-11-21. Data de la primera certificaci\u00f3 2019<\/li>\n<\/ul>\n\n\n\n<div class=\"wp-block-buttons is-content-justification-left is-layout-flex wp-container-core-buttons-is-layout-fc4fd283 wp-block-buttons-is-layout-flex\">\n<div class=\"wp-block-button\"><a class=\"wp-block-button__link wp-element-button\" href=\"http:\/\/www.macmodel.es\/wp-content\/uploads\/2024\/01\/00419091-main-es.pdf\" target=\"_blank\" rel=\"noreferrer noopener\">Descarregar certificat<\/a><\/div>\n<\/div>\n<\/div><\/div>\n<\/div>\n<\/div>\n<\/div>","protected":false},"excerpt":{"rendered":"<p>Certificado de calidad ISO 9001:2015 En MAC-MODEL cuidamos la calidad en la producci\u00f3n en todos los sentidos T\u00dcV Rheinland Ib\u00e9rica Inspection, Certification &amp; Testing S.A. certifica:<\/p>","protected":false},"author":1,"featured_media":0,"parent":15,"menu_order":0,"comment_status":"closed","ping_status":"closed","template":"","meta":{"footnotes":""},"class_list":["post-64","page","type-page","status-publish","hentry"],"yoast_head":"<!-- This site is optimized with the Yoast SEO plugin v27.4 - https:\/\/yoast.com\/product\/yoast-seo-wordpress\/ -->\n<title>Certificaci\u00f3n - MAC - MODEL<\/title>\n<meta name=\"robots\" content=\"index, follow, max-snippet:-1, max-image-preview:large, max-video-preview:-1\" \/>\n<link rel=\"canonical\" href=\"https:\/\/www.macmodel.es\/ca\/calidad\/certificacion\/\" \/>\n<meta property=\"og:locale\" content=\"ca_ES\" \/>\n<meta property=\"og:type\" content=\"article\" \/>\n<meta property=\"og:title\" content=\"Certificaci\u00f3n - MAC - MODEL\" \/>\n<meta property=\"og:description\" content=\"Certificado de calidad ISO 9001:2015 En MAC-MODEL cuidamos la calidad en la producci\u00f3n en todos los sentidos T\u00dcV Rheinland Ib\u00e9rica Inspection, Certification &amp; Testing S.A. certifica:\" \/>\n<meta property=\"og:url\" content=\"https:\/\/www.macmodel.es\/ca\/calidad\/certificacion\/\" \/>\n<meta property=\"og:site_name\" content=\"MAC - MODEL\" \/>\n<meta property=\"article:modified_time\" content=\"2025-03-19T12:53:48+00:00\" \/>\n<meta property=\"og:image\" content=\"http:\/\/www.macmodel.es\/wp-content\/uploads\/2024\/01\/TR-Testmark_9000003441_ES_CMYK_with-QR-Code_page-0001.jpg\" \/>\n\t<meta property=\"og:image:width\" content=\"983\" \/>\n\t<meta property=\"og:image:height\" content=\"363\" \/>\n\t<meta property=\"og:image:type\" content=\"image\/jpeg\" \/>\n<meta name=\"twitter:card\" content=\"summary_large_image\" \/>\n<meta name=\"twitter:label1\" content=\"Temps estimat de lectura\" \/>\n\t<meta name=\"twitter:data1\" content=\"1 minut\" \/>\n<script type=\"application\/ld+json\" class=\"yoast-schema-graph\">{\"@context\":\"https:\\\/\\\/schema.org\",\"@graph\":[{\"@type\":\"WebPage\",\"@id\":\"https:\\\/\\\/www.macmodel.es\\\/calidad\\\/certificacion\\\/\",\"url\":\"https:\\\/\\\/www.macmodel.es\\\/calidad\\\/certificacion\\\/\",\"name\":\"Certificaci\u00f3n - MAC - MODEL\",\"isPartOf\":{\"@id\":\"https:\\\/\\\/www.macmodel.es\\\/#website\"},\"primaryImageOfPage\":{\"@id\":\"https:\\\/\\\/www.macmodel.es\\\/calidad\\\/certificacion\\\/#primaryimage\"},\"image\":{\"@id\":\"https:\\\/\\\/www.macmodel.es\\\/calidad\\\/certificacion\\\/#primaryimage\"},\"thumbnailUrl\":\"http:\\\/\\\/www.macmodel.es\\\/wp-content\\\/uploads\\\/2024\\\/01\\\/TR-Testmark_9000003441_ES_CMYK_with-QR-Code_page-0001.jpg\",\"datePublished\":\"2024-01-18T14:57:57+00:00\",\"dateModified\":\"2025-03-19T12:53:48+00:00\",\"breadcrumb\":{\"@id\":\"https:\\\/\\\/www.macmodel.es\\\/calidad\\\/certificacion\\\/#breadcrumb\"},\"inLanguage\":\"ca\",\"potentialAction\":[{\"@type\":\"ReadAction\",\"target\":[\"https:\\\/\\\/www.macmodel.es\\\/calidad\\\/certificacion\\\/\"]}]},{\"@type\":\"ImageObject\",\"inLanguage\":\"ca\",\"@id\":\"https:\\\/\\\/www.macmodel.es\\\/calidad\\\/certificacion\\\/#primaryimage\",\"url\":\"http:\\\/\\\/www.macmodel.es\\\/wp-content\\\/uploads\\\/2024\\\/01\\\/TR-Testmark_9000003441_ES_CMYK_with-QR-Code_page-0001.jpg\",\"contentUrl\":\"http:\\\/\\\/www.macmodel.es\\\/wp-content\\\/uploads\\\/2024\\\/01\\\/TR-Testmark_9000003441_ES_CMYK_with-QR-Code_page-0001.jpg\"},{\"@type\":\"BreadcrumbList\",\"@id\":\"https:\\\/\\\/www.macmodel.es\\\/calidad\\\/certificacion\\\/#breadcrumb\",\"itemListElement\":[{\"@type\":\"ListItem\",\"position\":1,\"name\":\"Portada\",\"item\":\"https:\\\/\\\/www.macmodel.es\\\/\"},{\"@type\":\"ListItem\",\"position\":2,\"name\":\"CALIDAD\",\"item\":\"https:\\\/\\\/www.macmodel.es\\\/calidad\\\/\"},{\"@type\":\"ListItem\",\"position\":3,\"name\":\"Certificaci\u00f3n\"}]},{\"@type\":\"WebSite\",\"@id\":\"https:\\\/\\\/www.macmodel.es\\\/#website\",\"url\":\"https:\\\/\\\/www.macmodel.es\\\/\",\"name\":\"MAC - MODEL\",\"description\":\"F\u00e1brica de moldes en Manresa\",\"publisher\":{\"@id\":\"https:\\\/\\\/www.macmodel.es\\\/#organization\"},\"potentialAction\":[{\"@type\":\"SearchAction\",\"target\":{\"@type\":\"EntryPoint\",\"urlTemplate\":\"https:\\\/\\\/www.macmodel.es\\\/?s={search_term_string}\"},\"query-input\":{\"@type\":\"PropertyValueSpecification\",\"valueRequired\":true,\"valueName\":\"search_term_string\"}}],\"inLanguage\":\"ca\"},{\"@type\":\"Organization\",\"@id\":\"https:\\\/\\\/www.macmodel.es\\\/#organization\",\"name\":\"MAC - MODEL\",\"url\":\"https:\\\/\\\/www.macmodel.es\\\/\",\"logo\":{\"@type\":\"ImageObject\",\"inLanguage\":\"ca\",\"@id\":\"https:\\\/\\\/www.macmodel.es\\\/#\\\/schema\\\/logo\\\/image\\\/\",\"url\":\"http:\\\/\\\/www.macmodel.es\\\/wp-content\\\/uploads\\\/2025\\\/09\\\/2d.png\",\"contentUrl\":\"http:\\\/\\\/www.macmodel.es\\\/wp-content\\\/uploads\\\/2025\\\/09\\\/2d.png\",\"width\":603,\"height\":267,\"caption\":\"MAC - MODEL\"},\"image\":{\"@id\":\"https:\\\/\\\/www.macmodel.es\\\/#\\\/schema\\\/logo\\\/image\\\/\"},\"sameAs\":[\"https:\\\/\\\/www.instagram.com\\\/macmodelprototipos\\\/\"]}]}<\/script>\n<!-- \/ Yoast SEO plugin. -->","yoast_head_json":{"title":"Certificaci\u00f3n - MAC - MODEL","robots":{"index":"index","follow":"follow","max-snippet":"max-snippet:-1","max-image-preview":"max-image-preview:large","max-video-preview":"max-video-preview:-1"},"canonical":"https:\/\/www.macmodel.es\/ca\/calidad\/certificacion\/","og_locale":"ca_ES","og_type":"article","og_title":"Certificaci\u00f3n - MAC - MODEL","og_description":"Certificado de calidad ISO 9001:2015 En MAC-MODEL cuidamos la calidad en la producci\u00f3n en todos los sentidos T\u00dcV Rheinland Ib\u00e9rica Inspection, Certification &amp; Testing S.A. certifica:","og_url":"https:\/\/www.macmodel.es\/ca\/calidad\/certificacion\/","og_site_name":"MAC - MODEL","article_modified_time":"2025-03-19T12:53:48+00:00","og_image":[{"width":983,"height":363,"url":"http:\/\/www.macmodel.es\/wp-content\/uploads\/2024\/01\/TR-Testmark_9000003441_ES_CMYK_with-QR-Code_page-0001.jpg","type":"image\/jpeg"}],"twitter_card":"summary_large_image","twitter_misc":{"Temps estimat de lectura":"1 minut"},"schema":{"@context":"https:\/\/schema.org","@graph":[{"@type":"WebPage","@id":"https:\/\/www.macmodel.es\/calidad\/certificacion\/","url":"https:\/\/www.macmodel.es\/calidad\/certificacion\/","name":"Certificaci\u00f3n - MAC - MODEL","isPartOf":{"@id":"https:\/\/www.macmodel.es\/#website"},"primaryImageOfPage":{"@id":"https:\/\/www.macmodel.es\/calidad\/certificacion\/#primaryimage"},"image":{"@id":"https:\/\/www.macmodel.es\/calidad\/certificacion\/#primaryimage"},"thumbnailUrl":"http:\/\/www.macmodel.es\/wp-content\/uploads\/2024\/01\/TR-Testmark_9000003441_ES_CMYK_with-QR-Code_page-0001.jpg","datePublished":"2024-01-18T14:57:57+00:00","dateModified":"2025-03-19T12:53:48+00:00","breadcrumb":{"@id":"https:\/\/www.macmodel.es\/calidad\/certificacion\/#breadcrumb"},"inLanguage":"ca","potentialAction":[{"@type":"ReadAction","target":["https:\/\/www.macmodel.es\/calidad\/certificacion\/"]}]},{"@type":"ImageObject","inLanguage":"ca","@id":"https:\/\/www.macmodel.es\/calidad\/certificacion\/#primaryimage","url":"http:\/\/www.macmodel.es\/wp-content\/uploads\/2024\/01\/TR-Testmark_9000003441_ES_CMYK_with-QR-Code_page-0001.jpg","contentUrl":"http:\/\/www.macmodel.es\/wp-content\/uploads\/2024\/01\/TR-Testmark_9000003441_ES_CMYK_with-QR-Code_page-0001.jpg"},{"@type":"BreadcrumbList","@id":"https:\/\/www.macmodel.es\/calidad\/certificacion\/#breadcrumb","itemListElement":[{"@type":"ListItem","position":1,"name":"Portada","item":"https:\/\/www.macmodel.es\/"},{"@type":"ListItem","position":2,"name":"CALIDAD","item":"https:\/\/www.macmodel.es\/calidad\/"},{"@type":"ListItem","position":3,"name":"Certificaci\u00f3n"}]},{"@type":"WebSite","@id":"https:\/\/www.macmodel.es\/#website","url":"https:\/\/www.macmodel.es\/","name":"MAC - MODEL","description":"F\u00e0brica de motlles a Manresa","publisher":{"@id":"https:\/\/www.macmodel.es\/#organization"},"potentialAction":[{"@type":"SearchAction","target":{"@type":"EntryPoint","urlTemplate":"https:\/\/www.macmodel.es\/?s={search_term_string}"},"query-input":{"@type":"PropertyValueSpecification","valueRequired":true,"valueName":"search_term_string"}}],"inLanguage":"ca"},{"@type":"Organization","@id":"https:\/\/www.macmodel.es\/#organization","name":"MAC - MODEL","url":"https:\/\/www.macmodel.es\/","logo":{"@type":"ImageObject","inLanguage":"ca","@id":"https:\/\/www.macmodel.es\/#\/schema\/logo\/image\/","url":"http:\/\/www.macmodel.es\/wp-content\/uploads\/2025\/09\/2d.png","contentUrl":"http:\/\/www.macmodel.es\/wp-content\/uploads\/2025\/09\/2d.png","width":603,"height":267,"caption":"MAC - MODEL"},"image":{"@id":"https:\/\/www.macmodel.es\/#\/schema\/logo\/image\/"},"sameAs":["https:\/\/www.instagram.com\/macmodelprototipos\/"]}]}},"_links":{"self":[{"href":"http:\/\/www.macmodel.es\/ca\/wp-json\/wp\/v2\/pages\/64","targetHints":{"allow":["GET"]}}],"collection":[{"href":"http:\/\/www.macmodel.es\/ca\/wp-json\/wp\/v2\/pages"}],"about":[{"href":"http:\/\/www.macmodel.es\/ca\/wp-json\/wp\/v2\/types\/page"}],"author":[{"embeddable":true,"href":"http:\/\/www.macmodel.es\/ca\/wp-json\/wp\/v2\/users\/1"}],"replies":[{"embeddable":true,"href":"http:\/\/www.macmodel.es\/ca\/wp-json\/wp\/v2\/comments?post=64"}],"version-history":[{"count":6,"href":"http:\/\/www.macmodel.es\/ca\/wp-json\/wp\/v2\/pages\/64\/revisions"}],"predecessor-version":[{"id":324,"href":"http:\/\/www.macmodel.es\/ca\/wp-json\/wp\/v2\/pages\/64\/revisions\/324"}],"up":[{"embeddable":true,"href":"http:\/\/www.macmodel.es\/ca\/wp-json\/wp\/v2\/pages\/15"}],"wp:attachment":[{"href":"http:\/\/www.macmodel.es\/ca\/wp-json\/wp\/v2\/media?parent=64"}],"curies":[{"name":"wp","href":"https:\/\/api.w.org\/{rel}","templated":true}]}}