{"id":68,"date":"2024-01-18T15:58:38","date_gmt":"2024-01-18T14:58:38","guid":{"rendered":"http:\/\/www.macmodel.es\/?page_id=68"},"modified":"2024-03-06T13:53:27","modified_gmt":"2024-03-06T12:53:27","slug":"utiles-control-2","status":"publish","type":"page","link":"http:\/\/www.macmodel.es\/ca\/productos\/utiles-control-2\/","title":{"rendered":"\u00datils de control"},"content":{"rendered":"<p>En Mac-Model fabriquem diferents tipus de utilajes adaptant-nos a les necessitats necess\u00e0ries per a la pe\u00e7a.<\/p>\n\n\n\n<p>Els utillatges de control s\u00f3n instruments de mesura utilitzats per a verificar i assegurar la precisi\u00f3 de diferents components i processos. Aquestes eines s\u00f3n de vital import\u00e0ncia en diverses aplicacions industrials, ja que permeten garantir la qualitat i l'efici\u00e8ncia en la fabricaci\u00f3 de productes.<\/p>\n\n\n\n<div class=\"wp-block-group alignfull wp-block-section wp-block-feature-content is-layout-constrained wp-block-group-is-layout-constrained\">\n<div class=\"wp-block-group alignwide wp-block-group-heading is-layout-flow wp-container-core-group-is-layout-dc10bc65 wp-block-group-is-layout-flow\">\n<h6 class=\"wp-block-heading has-text-align-center has-body-text-color has-text-color has-medium-font-size\" style=\"font-style:normal;font-weight:600;line-height:1.8;text-transform:uppercase\">Qu\u00e8 fem<\/h6>\n\n\n\n<h2 class=\"wp-block-heading has-text-align-center\">Fotos de mostra<\/h2>\n<\/div>\n\n\n\n<div class=\"wp-block-group alignwide wp-block-group-content is-layout-flow wp-block-group-is-layout-flow\">\n<div class=\"wp-block-columns alignwide is-layout-flex wp-container-core-columns-is-layout-28f84493 wp-block-columns-is-layout-flex\">\n<div class=\"wp-block-column is-layout-flow wp-block-column-is-layout-flow\">\n<div class=\"wp-block-group wp-block-post-group is-layout-flow wp-block-group-is-layout-flow\">\n<figure data-wp-context=\"{&quot;imageId&quot;:&quot;69e306f04ca1a&quot;}\" data-wp-interactive=\"core\/image\" data-wp-key=\"69e306f04ca1a\" class=\"wp-block-image size-full is-resized wp-lightbox-container\"><img decoding=\"async\" data-wp-class--hide=\"state.isContentHidden\" data-wp-class--show=\"state.isContentVisible\" data-wp-init=\"callbacks.setButtonStyles\" data-wp-on--click=\"actions.showLightbox\" data-wp-on--load=\"callbacks.setButtonStyles\" data-wp-on-window--resize=\"callbacks.setButtonStyles\" src=\"data:image\/gif;base64,R0lGODlhAQABAIAAAAAAAP\/\/\/yH5BAEAAAAALAAAAAABAAEAAAIBRAA7\" data-src=\"http:\/\/www.macmodel.es\/wp-content\/uploads\/2024\/03\/3ba7c3a1974a7c2b9b2c3971752b1094e0720e7f.jpg\" alt=\"\" class=\"wp-image-234 lazyload\" style=\"aspect-ratio:1;object-fit:contain;width:auto;height:150px\"\/><noscript><img decoding=\"async\" width=\"879\" height=\"660\" data-wp-class--hide=\"state.isContentHidden\" data-wp-class--show=\"state.isContentVisible\" data-wp-init=\"callbacks.setButtonStyles\" data-wp-on--click=\"actions.showLightbox\" data-wp-on--load=\"callbacks.setButtonStyles\" data-wp-on-window--resize=\"callbacks.setButtonStyles\" src=\"http:\/\/www.macmodel.es\/wp-content\/uploads\/2024\/03\/3ba7c3a1974a7c2b9b2c3971752b1094e0720e7f.jpg\" alt=\"\" class=\"wp-image-234 lazyload\" style=\"aspect-ratio:1;object-fit:contain;width:auto;height:150px\" srcset=\"http:\/\/www.macmodel.es\/wp-content\/uploads\/2024\/03\/3ba7c3a1974a7c2b9b2c3971752b1094e0720e7f.jpg 879w, http:\/\/www.macmodel.es\/wp-content\/uploads\/2024\/03\/3ba7c3a1974a7c2b9b2c3971752b1094e0720e7f-300x225.jpg 300w, http:\/\/www.macmodel.es\/wp-content\/uploads\/2024\/03\/3ba7c3a1974a7c2b9b2c3971752b1094e0720e7f-768x577.jpg 768w\" sizes=\"(max-width: 879px) 100vw, 879px\" \/><\/noscript><button\n\t\t\tclass=\"lightbox-trigger\"\n\t\t\ttype=\"button\"\n\t\t\taria-haspopup=\"dialog\"\n\t\t\taria-label=\"Amplia\"\n\t\t\tdata-wp-init=\"callbacks.initTriggerButton\"\n\t\t\tdata-wp-on--click=\"actions.showLightbox\"\n\t\t\tdata-wp-style--right=\"state.imageButtonRight\"\n\t\t\tdata-wp-style--top=\"state.imageButtonTop\"\n\t\t>\n\t\t\t<svg xmlns=\"http:\/\/www.w3.org\/2000\/svg\" width=\"12\" height=\"12\" fill=\"none\" viewbox=\"0 0 12 12\">\n\t\t\t\t<path fill=\"#fff\" d=\"M2 0a2 2 0 0 0-2 2v2h1.5V2a.5.5 0 0 1 .5-.5h2V0H2Zm2 10.5H2a.5.5 0 0 1-.5-.5V8H0v2a2 2 0 0 0 2 2h2v-1.5ZM8 12v-1.5h2a.5.5 0 0 0 .5-.5V8H12v2a2 2 0 0 1-2 2H8Zm2-12a2 2 0 0 1 2 2v2h-1.5V2a.5.5 0 0 0-.5-.5H8V0h2Z\" \/>\n\t\t\t<\/svg>\n\t\t<\/button><\/figure>\n<\/div>\n<\/div>\n\n\n\n<div class=\"wp-block-column is-layout-flow wp-block-column-is-layout-flow\">\n<div class=\"wp-block-group wp-block-post-group is-layout-flow wp-block-group-is-layout-flow\">\n<figure data-wp-context=\"{&quot;imageId&quot;:&quot;69e306f04d07b&quot;}\" data-wp-interactive=\"core\/image\" data-wp-key=\"69e306f04d07b\" class=\"wp-block-image size-full is-resized wp-lightbox-container\"><img decoding=\"async\" data-wp-class--hide=\"state.isContentHidden\" data-wp-class--show=\"state.isContentVisible\" data-wp-init=\"callbacks.setButtonStyles\" data-wp-on--click=\"actions.showLightbox\" data-wp-on--load=\"callbacks.setButtonStyles\" data-wp-on-window--resize=\"callbacks.setButtonStyles\" src=\"data:image\/gif;base64,R0lGODlhAQABAIAAAAAAAP\/\/\/yH5BAEAAAAALAAAAAABAAEAAAIBRAA7\" data-src=\"http:\/\/www.macmodel.es\/wp-content\/uploads\/2024\/03\/6c438eebd77396287c101271481ebe3584dae6a3.jpg\" alt=\"\" class=\"wp-image-235 lazyload\" style=\"aspect-ratio:1;object-fit:contain;width:auto;height:150px\"\/><noscript><img decoding=\"async\" width=\"877\" height=\"613\" data-wp-class--hide=\"state.isContentHidden\" data-wp-class--show=\"state.isContentVisible\" data-wp-init=\"callbacks.setButtonStyles\" data-wp-on--click=\"actions.showLightbox\" data-wp-on--load=\"callbacks.setButtonStyles\" data-wp-on-window--resize=\"callbacks.setButtonStyles\" src=\"http:\/\/www.macmodel.es\/wp-content\/uploads\/2024\/03\/6c438eebd77396287c101271481ebe3584dae6a3.jpg\" alt=\"\" class=\"wp-image-235 lazyload\" style=\"aspect-ratio:1;object-fit:contain;width:auto;height:150px\" srcset=\"http:\/\/www.macmodel.es\/wp-content\/uploads\/2024\/03\/6c438eebd77396287c101271481ebe3584dae6a3.jpg 877w, http:\/\/www.macmodel.es\/wp-content\/uploads\/2024\/03\/6c438eebd77396287c101271481ebe3584dae6a3-300x210.jpg 300w, http:\/\/www.macmodel.es\/wp-content\/uploads\/2024\/03\/6c438eebd77396287c101271481ebe3584dae6a3-768x537.jpg 768w\" sizes=\"(max-width: 877px) 100vw, 877px\" \/><\/noscript><button\n\t\t\tclass=\"lightbox-trigger\"\n\t\t\ttype=\"button\"\n\t\t\taria-haspopup=\"dialog\"\n\t\t\taria-label=\"Amplia\"\n\t\t\tdata-wp-init=\"callbacks.initTriggerButton\"\n\t\t\tdata-wp-on--click=\"actions.showLightbox\"\n\t\t\tdata-wp-style--right=\"state.imageButtonRight\"\n\t\t\tdata-wp-style--top=\"state.imageButtonTop\"\n\t\t>\n\t\t\t<svg xmlns=\"http:\/\/www.w3.org\/2000\/svg\" width=\"12\" height=\"12\" fill=\"none\" viewbox=\"0 0 12 12\">\n\t\t\t\t<path fill=\"#fff\" d=\"M2 0a2 2 0 0 0-2 2v2h1.5V2a.5.5 0 0 1 .5-.5h2V0H2Zm2 10.5H2a.5.5 0 0 1-.5-.5V8H0v2a2 2 0 0 0 2 2h2v-1.5ZM8 12v-1.5h2a.5.5 0 0 0 .5-.5V8H12v2a2 2 0 0 1-2 2H8Zm2-12a2 2 0 0 1 2 2v2h-1.5V2a.5.5 0 0 0-.5-.5H8V0h2Z\" \/>\n\t\t\t<\/svg>\n\t\t<\/button><\/figure>\n<\/div>\n<\/div>\n\n\n\n<div class=\"wp-block-column is-layout-flow wp-block-column-is-layout-flow\">\n<div class=\"wp-block-group wp-block-post-group is-layout-flow wp-block-group-is-layout-flow\">\n<figure data-wp-context=\"{&quot;imageId&quot;:&quot;69e306f04d61a&quot;}\" data-wp-interactive=\"core\/image\" data-wp-key=\"69e306f04d61a\" class=\"wp-block-image size-full is-resized wp-lightbox-container\"><img decoding=\"async\" data-wp-class--hide=\"state.isContentHidden\" data-wp-class--show=\"state.isContentVisible\" data-wp-init=\"callbacks.setButtonStyles\" data-wp-on--click=\"actions.showLightbox\" data-wp-on--load=\"callbacks.setButtonStyles\" data-wp-on-window--resize=\"callbacks.setButtonStyles\" src=\"data:image\/gif;base64,R0lGODlhAQABAIAAAAAAAP\/\/\/yH5BAEAAAAALAAAAAABAAEAAAIBRAA7\" data-src=\"http:\/\/www.macmodel.es\/wp-content\/uploads\/2024\/03\/43b086142296850d2106f2edb3eda16f2f474dd5.jpg\" alt=\"\" class=\"wp-image-236 lazyload\" style=\"aspect-ratio:1;object-fit:contain;width:auto;height:150px\"\/><noscript><img decoding=\"async\" width=\"993\" height=\"252\" data-wp-class--hide=\"state.isContentHidden\" data-wp-class--show=\"state.isContentVisible\" data-wp-init=\"callbacks.setButtonStyles\" data-wp-on--click=\"actions.showLightbox\" data-wp-on--load=\"callbacks.setButtonStyles\" data-wp-on-window--resize=\"callbacks.setButtonStyles\" src=\"http:\/\/www.macmodel.es\/wp-content\/uploads\/2024\/03\/43b086142296850d2106f2edb3eda16f2f474dd5.jpg\" alt=\"\" class=\"wp-image-236 lazyload\" style=\"aspect-ratio:1;object-fit:contain;width:auto;height:150px\" srcset=\"http:\/\/www.macmodel.es\/wp-content\/uploads\/2024\/03\/43b086142296850d2106f2edb3eda16f2f474dd5.jpg 993w, http:\/\/www.macmodel.es\/wp-content\/uploads\/2024\/03\/43b086142296850d2106f2edb3eda16f2f474dd5-300x76.jpg 300w, http:\/\/www.macmodel.es\/wp-content\/uploads\/2024\/03\/43b086142296850d2106f2edb3eda16f2f474dd5-768x195.jpg 768w\" sizes=\"(max-width: 993px) 100vw, 993px\" \/><\/noscript><button\n\t\t\tclass=\"lightbox-trigger\"\n\t\t\ttype=\"button\"\n\t\t\taria-haspopup=\"dialog\"\n\t\t\taria-label=\"Amplia\"\n\t\t\tdata-wp-init=\"callbacks.initTriggerButton\"\n\t\t\tdata-wp-on--click=\"actions.showLightbox\"\n\t\t\tdata-wp-style--right=\"state.imageButtonRight\"\n\t\t\tdata-wp-style--top=\"state.imageButtonTop\"\n\t\t>\n\t\t\t<svg xmlns=\"http:\/\/www.w3.org\/2000\/svg\" width=\"12\" height=\"12\" fill=\"none\" viewbox=\"0 0 12 12\">\n\t\t\t\t<path fill=\"#fff\" d=\"M2 0a2 2 0 0 0-2 2v2h1.5V2a.5.5 0 0 1 .5-.5h2V0H2Zm2 10.5H2a.5.5 0 0 1-.5-.5V8H0v2a2 2 0 0 0 2 2h2v-1.5ZM8 12v-1.5h2a.5.5 0 0 0 .5-.5V8H12v2a2 2 0 0 1-2 2H8Zm2-12a2 2 0 0 1 2 2v2h-1.5V2a.5.5 0 0 0-.5-.5H8V0h2Z\" \/>\n\t\t\t<\/svg>\n\t\t<\/button><\/figure>\n<\/div>\n<\/div>\n\n\n\n<div class=\"wp-block-column is-layout-flow wp-block-column-is-layout-flow\">\n<div class=\"wp-block-group wp-block-post-group is-layout-flow wp-block-group-is-layout-flow\">\n<figure data-wp-context=\"{&quot;imageId&quot;:&quot;69e306f04db7b&quot;}\" data-wp-interactive=\"core\/image\" data-wp-key=\"69e306f04db7b\" class=\"wp-block-image size-full is-resized wp-lightbox-container\"><img decoding=\"async\" data-wp-class--hide=\"state.isContentHidden\" data-wp-class--show=\"state.isContentVisible\" data-wp-init=\"callbacks.setButtonStyles\" data-wp-on--click=\"actions.showLightbox\" data-wp-on--load=\"callbacks.setButtonStyles\" data-wp-on-window--resize=\"callbacks.setButtonStyles\" src=\"data:image\/gif;base64,R0lGODlhAQABAIAAAAAAAP\/\/\/yH5BAEAAAAALAAAAAABAAEAAAIBRAA7\" data-src=\"http:\/\/www.macmodel.es\/wp-content\/uploads\/2024\/03\/Foto-22-11-18-8-50-17-scaled.jpg\" alt=\"\" class=\"wp-image-237 lazyload\" style=\"aspect-ratio:1;object-fit:contain;width:auto;height:150px\"\/><noscript><img decoding=\"async\" width=\"2560\" height=\"1604\" data-wp-class--hide=\"state.isContentHidden\" data-wp-class--show=\"state.isContentVisible\" data-wp-init=\"callbacks.setButtonStyles\" data-wp-on--click=\"actions.showLightbox\" data-wp-on--load=\"callbacks.setButtonStyles\" data-wp-on-window--resize=\"callbacks.setButtonStyles\" src=\"http:\/\/www.macmodel.es\/wp-content\/uploads\/2024\/03\/Foto-22-11-18-8-50-17-scaled.jpg\" alt=\"\" class=\"wp-image-237 lazyload\" style=\"aspect-ratio:1;object-fit:contain;width:auto;height:150px\" srcset=\"http:\/\/www.macmodel.es\/wp-content\/uploads\/2024\/03\/Foto-22-11-18-8-50-17-scaled.jpg 2560w, http:\/\/www.macmodel.es\/wp-content\/uploads\/2024\/03\/Foto-22-11-18-8-50-17-300x188.jpg 300w, http:\/\/www.macmodel.es\/wp-content\/uploads\/2024\/03\/Foto-22-11-18-8-50-17-1024x642.jpg 1024w, http:\/\/www.macmodel.es\/wp-content\/uploads\/2024\/03\/Foto-22-11-18-8-50-17-768x481.jpg 768w, http:\/\/www.macmodel.es\/wp-content\/uploads\/2024\/03\/Foto-22-11-18-8-50-17-1536x963.jpg 1536w, http:\/\/www.macmodel.es\/wp-content\/uploads\/2024\/03\/Foto-22-11-18-8-50-17-2048x1283.jpg 2048w\" sizes=\"(max-width: 2560px) 100vw, 2560px\" \/><\/noscript><button\n\t\t\tclass=\"lightbox-trigger\"\n\t\t\ttype=\"button\"\n\t\t\taria-haspopup=\"dialog\"\n\t\t\taria-label=\"Amplia\"\n\t\t\tdata-wp-init=\"callbacks.initTriggerButton\"\n\t\t\tdata-wp-on--click=\"actions.showLightbox\"\n\t\t\tdata-wp-style--right=\"state.imageButtonRight\"\n\t\t\tdata-wp-style--top=\"state.imageButtonTop\"\n\t\t>\n\t\t\t<svg xmlns=\"http:\/\/www.w3.org\/2000\/svg\" width=\"12\" height=\"12\" fill=\"none\" viewbox=\"0 0 12 12\">\n\t\t\t\t<path fill=\"#fff\" d=\"M2 0a2 2 0 0 0-2 2v2h1.5V2a.5.5 0 0 1 .5-.5h2V0H2Zm2 10.5H2a.5.5 0 0 1-.5-.5V8H0v2a2 2 0 0 0 2 2h2v-1.5ZM8 12v-1.5h2a.5.5 0 0 0 .5-.5V8H12v2a2 2 0 0 1-2 2H8Zm2-12a2 2 0 0 1 2 2v2h-1.5V2a.5.5 0 0 0-.5-.5H8V0h2Z\" \/>\n\t\t\t<\/svg>\n\t\t<\/button><\/figure>\n<\/div>\n<\/div>\n\n\n\n<div class=\"wp-block-column is-layout-flow wp-block-column-is-layout-flow\">\n<div class=\"wp-block-group wp-block-post-group is-layout-flow wp-block-group-is-layout-flow\">\n<figure data-wp-context=\"{&quot;imageId&quot;:&quot;69e306f04e087&quot;}\" data-wp-interactive=\"core\/image\" data-wp-key=\"69e306f04e087\" class=\"wp-block-image size-full is-resized wp-lightbox-container\"><img decoding=\"async\" data-wp-class--hide=\"state.isContentHidden\" data-wp-class--show=\"state.isContentVisible\" data-wp-init=\"callbacks.setButtonStyles\" data-wp-on--click=\"actions.showLightbox\" data-wp-on--load=\"callbacks.setButtonStyles\" data-wp-on-window--resize=\"callbacks.setButtonStyles\" src=\"data:image\/gif;base64,R0lGODlhAQABAIAAAAAAAP\/\/\/yH5BAEAAAAALAAAAAABAAEAAAIBRAA7\" data-src=\"http:\/\/www.macmodel.es\/wp-content\/uploads\/2024\/03\/IMAGEN-1.jpg\" alt=\"\" class=\"wp-image-238 lazyload\" style=\"aspect-ratio:1;object-fit:contain;width:auto;height:150px\"\/><noscript><img decoding=\"async\" width=\"1696\" height=\"1273\" data-wp-class--hide=\"state.isContentHidden\" data-wp-class--show=\"state.isContentVisible\" data-wp-init=\"callbacks.setButtonStyles\" data-wp-on--click=\"actions.showLightbox\" data-wp-on--load=\"callbacks.setButtonStyles\" data-wp-on-window--resize=\"callbacks.setButtonStyles\" src=\"http:\/\/www.macmodel.es\/wp-content\/uploads\/2024\/03\/IMAGEN-1.jpg\" alt=\"\" class=\"wp-image-238 lazyload\" style=\"aspect-ratio:1;object-fit:contain;width:auto;height:150px\" srcset=\"http:\/\/www.macmodel.es\/wp-content\/uploads\/2024\/03\/IMAGEN-1.jpg 1696w, http:\/\/www.macmodel.es\/wp-content\/uploads\/2024\/03\/IMAGEN-1-300x225.jpg 300w, http:\/\/www.macmodel.es\/wp-content\/uploads\/2024\/03\/IMAGEN-1-1024x769.jpg 1024w, http:\/\/www.macmodel.es\/wp-content\/uploads\/2024\/03\/IMAGEN-1-768x576.jpg 768w, http:\/\/www.macmodel.es\/wp-content\/uploads\/2024\/03\/IMAGEN-1-1536x1153.jpg 1536w\" sizes=\"(max-width: 1696px) 100vw, 1696px\" \/><\/noscript><button\n\t\t\tclass=\"lightbox-trigger\"\n\t\t\ttype=\"button\"\n\t\t\taria-haspopup=\"dialog\"\n\t\t\taria-label=\"Amplia\"\n\t\t\tdata-wp-init=\"callbacks.initTriggerButton\"\n\t\t\tdata-wp-on--click=\"actions.showLightbox\"\n\t\t\tdata-wp-style--right=\"state.imageButtonRight\"\n\t\t\tdata-wp-style--top=\"state.imageButtonTop\"\n\t\t>\n\t\t\t<svg xmlns=\"http:\/\/www.w3.org\/2000\/svg\" width=\"12\" height=\"12\" fill=\"none\" viewbox=\"0 0 12 12\">\n\t\t\t\t<path fill=\"#fff\" d=\"M2 0a2 2 0 0 0-2 2v2h1.5V2a.5.5 0 0 1 .5-.5h2V0H2Zm2 10.5H2a.5.5 0 0 1-.5-.5V8H0v2a2 2 0 0 0 2 2h2v-1.5ZM8 12v-1.5h2a.5.5 0 0 0 .5-.5V8H12v2a2 2 0 0 1-2 2H8Zm2-12a2 2 0 0 1 2 2v2h-1.5V2a.5.5 0 0 0-.5-.5H8V0h2Z\" \/>\n\t\t\t<\/svg>\n\t\t<\/button><\/figure>\n<\/div>\n<\/div>\n<\/div>\n\n\n\n<p class=\"has-text-align-center\">(Haz click en cada imagen para ampliar)<\/p>\n<\/div>\n<\/div>","protected":false},"excerpt":{"rendered":"<p>En Mac-Model fabricamos diferentes tipos de utilajes adapt\u00e1ndonos a las necesidades necesarias para la pieza. Los utillajes de control son\u00a0instrumentos de medici\u00f3n utilizados para verificar y asegurar la precisi\u00f3n de diferentes componentes y procesos. Estas herramientas son de vital importancia en diversas aplicaciones industriales, ya que permiten garantizar la calidad y la eficiencia en la [&hellip;]<\/p>\n","protected":false},"author":1,"featured_media":0,"parent":26,"menu_order":0,"comment_status":"closed","ping_status":"closed","template":"","meta":{"footnotes":""},"class_list":["post-68","page","type-page","status-publish","hentry"],"yoast_head":"<!-- This site is optimized with the Yoast SEO plugin v27.4 - https:\/\/yoast.com\/product\/yoast-seo-wordpress\/ -->\n<title>\u00datiles de control - MAC - MODEL<\/title>\n<meta name=\"robots\" content=\"index, follow, max-snippet:-1, max-image-preview:large, max-video-preview:-1\" \/>\n<link rel=\"canonical\" href=\"https:\/\/www.macmodel.es\/ca\/productos\/utiles-control-2\/\" \/>\n<meta property=\"og:locale\" content=\"ca_ES\" \/>\n<meta property=\"og:type\" content=\"article\" \/>\n<meta property=\"og:title\" content=\"\u00datiles de control - MAC - MODEL\" \/>\n<meta property=\"og:description\" content=\"En Mac-Model fabricamos diferentes tipos de utilajes adapt\u00e1ndonos a las necesidades necesarias para la pieza. Los utillajes de control son\u00a0instrumentos de medici\u00f3n utilizados para verificar y asegurar la precisi\u00f3n de diferentes componentes y procesos. Estas herramientas son de vital importancia en diversas aplicaciones industriales, ya que permiten garantizar la calidad y la eficiencia en la [&hellip;]\" \/>\n<meta property=\"og:url\" content=\"https:\/\/www.macmodel.es\/ca\/productos\/utiles-control-2\/\" \/>\n<meta property=\"og:site_name\" content=\"MAC - MODEL\" \/>\n<meta property=\"article:modified_time\" content=\"2024-03-06T12:53:27+00:00\" \/>\n<meta property=\"og:image\" content=\"http:\/\/www.macmodel.es\/wp-content\/uploads\/2024\/03\/3ba7c3a1974a7c2b9b2c3971752b1094e0720e7f.jpg\" \/>\n<meta name=\"twitter:card\" content=\"summary_large_image\" \/>\n<script type=\"application\/ld+json\" class=\"yoast-schema-graph\">{\"@context\":\"https:\\\/\\\/schema.org\",\"@graph\":[{\"@type\":\"WebPage\",\"@id\":\"https:\\\/\\\/www.macmodel.es\\\/productos\\\/utiles-control-2\\\/\",\"url\":\"https:\\\/\\\/www.macmodel.es\\\/productos\\\/utiles-control-2\\\/\",\"name\":\"\u00datiles de control - MAC - MODEL\",\"isPartOf\":{\"@id\":\"https:\\\/\\\/www.macmodel.es\\\/#website\"},\"primaryImageOfPage\":{\"@id\":\"https:\\\/\\\/www.macmodel.es\\\/productos\\\/utiles-control-2\\\/#primaryimage\"},\"image\":{\"@id\":\"https:\\\/\\\/www.macmodel.es\\\/productos\\\/utiles-control-2\\\/#primaryimage\"},\"thumbnailUrl\":\"http:\\\/\\\/www.macmodel.es\\\/wp-content\\\/uploads\\\/2024\\\/03\\\/3ba7c3a1974a7c2b9b2c3971752b1094e0720e7f.jpg\",\"datePublished\":\"2024-01-18T14:58:38+00:00\",\"dateModified\":\"2024-03-06T12:53:27+00:00\",\"breadcrumb\":{\"@id\":\"https:\\\/\\\/www.macmodel.es\\\/productos\\\/utiles-control-2\\\/#breadcrumb\"},\"inLanguage\":\"ca\",\"potentialAction\":[{\"@type\":\"ReadAction\",\"target\":[\"https:\\\/\\\/www.macmodel.es\\\/productos\\\/utiles-control-2\\\/\"]}]},{\"@type\":\"ImageObject\",\"inLanguage\":\"ca\",\"@id\":\"https:\\\/\\\/www.macmodel.es\\\/productos\\\/utiles-control-2\\\/#primaryimage\",\"url\":\"http:\\\/\\\/www.macmodel.es\\\/wp-content\\\/uploads\\\/2024\\\/03\\\/3ba7c3a1974a7c2b9b2c3971752b1094e0720e7f.jpg\",\"contentUrl\":\"http:\\\/\\\/www.macmodel.es\\\/wp-content\\\/uploads\\\/2024\\\/03\\\/3ba7c3a1974a7c2b9b2c3971752b1094e0720e7f.jpg\"},{\"@type\":\"BreadcrumbList\",\"@id\":\"https:\\\/\\\/www.macmodel.es\\\/productos\\\/utiles-control-2\\\/#breadcrumb\",\"itemListElement\":[{\"@type\":\"ListItem\",\"position\":1,\"name\":\"Portada\",\"item\":\"https:\\\/\\\/www.macmodel.es\\\/\"},{\"@type\":\"ListItem\",\"position\":2,\"name\":\"PRODUCTOS\",\"item\":\"https:\\\/\\\/www.macmodel.es\\\/productos\\\/\"},{\"@type\":\"ListItem\",\"position\":3,\"name\":\"\u00datiles de control\"}]},{\"@type\":\"WebSite\",\"@id\":\"https:\\\/\\\/www.macmodel.es\\\/#website\",\"url\":\"https:\\\/\\\/www.macmodel.es\\\/\",\"name\":\"MAC - MODEL\",\"description\":\"F\u00e1brica de moldes en Manresa\",\"publisher\":{\"@id\":\"https:\\\/\\\/www.macmodel.es\\\/#organization\"},\"potentialAction\":[{\"@type\":\"SearchAction\",\"target\":{\"@type\":\"EntryPoint\",\"urlTemplate\":\"https:\\\/\\\/www.macmodel.es\\\/?s={search_term_string}\"},\"query-input\":{\"@type\":\"PropertyValueSpecification\",\"valueRequired\":true,\"valueName\":\"search_term_string\"}}],\"inLanguage\":\"ca\"},{\"@type\":\"Organization\",\"@id\":\"https:\\\/\\\/www.macmodel.es\\\/#organization\",\"name\":\"MAC - MODEL\",\"url\":\"https:\\\/\\\/www.macmodel.es\\\/\",\"logo\":{\"@type\":\"ImageObject\",\"inLanguage\":\"ca\",\"@id\":\"https:\\\/\\\/www.macmodel.es\\\/#\\\/schema\\\/logo\\\/image\\\/\",\"url\":\"http:\\\/\\\/www.macmodel.es\\\/wp-content\\\/uploads\\\/2025\\\/09\\\/2d.png\",\"contentUrl\":\"http:\\\/\\\/www.macmodel.es\\\/wp-content\\\/uploads\\\/2025\\\/09\\\/2d.png\",\"width\":603,\"height\":267,\"caption\":\"MAC - MODEL\"},\"image\":{\"@id\":\"https:\\\/\\\/www.macmodel.es\\\/#\\\/schema\\\/logo\\\/image\\\/\"},\"sameAs\":[\"https:\\\/\\\/www.instagram.com\\\/macmodelprototipos\\\/\"]}]}<\/script>\n<!-- \/ Yoast SEO plugin. -->","yoast_head_json":{"title":"\u00datiles de control - MAC - MODEL","robots":{"index":"index","follow":"follow","max-snippet":"max-snippet:-1","max-image-preview":"max-image-preview:large","max-video-preview":"max-video-preview:-1"},"canonical":"https:\/\/www.macmodel.es\/ca\/productos\/utiles-control-2\/","og_locale":"ca_ES","og_type":"article","og_title":"\u00datiles de control - MAC - MODEL","og_description":"En Mac-Model fabricamos diferentes tipos de utilajes adapt\u00e1ndonos a las necesidades necesarias para la pieza. Los utillajes de control son\u00a0instrumentos de medici\u00f3n utilizados para verificar y asegurar la precisi\u00f3n de diferentes componentes y procesos. Estas herramientas son de vital importancia en diversas aplicaciones industriales, ya que permiten garantizar la calidad y la eficiencia en la [&hellip;]","og_url":"https:\/\/www.macmodel.es\/ca\/productos\/utiles-control-2\/","og_site_name":"MAC - MODEL","article_modified_time":"2024-03-06T12:53:27+00:00","og_image":[{"url":"http:\/\/www.macmodel.es\/wp-content\/uploads\/2024\/03\/3ba7c3a1974a7c2b9b2c3971752b1094e0720e7f.jpg","type":"","width":"","height":""}],"twitter_card":"summary_large_image","schema":{"@context":"https:\/\/schema.org","@graph":[{"@type":"WebPage","@id":"https:\/\/www.macmodel.es\/productos\/utiles-control-2\/","url":"https:\/\/www.macmodel.es\/productos\/utiles-control-2\/","name":"\u00datiles de control - MAC - MODEL","isPartOf":{"@id":"https:\/\/www.macmodel.es\/#website"},"primaryImageOfPage":{"@id":"https:\/\/www.macmodel.es\/productos\/utiles-control-2\/#primaryimage"},"image":{"@id":"https:\/\/www.macmodel.es\/productos\/utiles-control-2\/#primaryimage"},"thumbnailUrl":"http:\/\/www.macmodel.es\/wp-content\/uploads\/2024\/03\/3ba7c3a1974a7c2b9b2c3971752b1094e0720e7f.jpg","datePublished":"2024-01-18T14:58:38+00:00","dateModified":"2024-03-06T12:53:27+00:00","breadcrumb":{"@id":"https:\/\/www.macmodel.es\/productos\/utiles-control-2\/#breadcrumb"},"inLanguage":"ca","potentialAction":[{"@type":"ReadAction","target":["https:\/\/www.macmodel.es\/productos\/utiles-control-2\/"]}]},{"@type":"ImageObject","inLanguage":"ca","@id":"https:\/\/www.macmodel.es\/productos\/utiles-control-2\/#primaryimage","url":"http:\/\/www.macmodel.es\/wp-content\/uploads\/2024\/03\/3ba7c3a1974a7c2b9b2c3971752b1094e0720e7f.jpg","contentUrl":"http:\/\/www.macmodel.es\/wp-content\/uploads\/2024\/03\/3ba7c3a1974a7c2b9b2c3971752b1094e0720e7f.jpg"},{"@type":"BreadcrumbList","@id":"https:\/\/www.macmodel.es\/productos\/utiles-control-2\/#breadcrumb","itemListElement":[{"@type":"ListItem","position":1,"name":"Portada","item":"https:\/\/www.macmodel.es\/"},{"@type":"ListItem","position":2,"name":"PRODUCTOS","item":"https:\/\/www.macmodel.es\/productos\/"},{"@type":"ListItem","position":3,"name":"\u00datiles de control"}]},{"@type":"WebSite","@id":"https:\/\/www.macmodel.es\/#website","url":"https:\/\/www.macmodel.es\/","name":"MAC - MODEL","description":"F\u00e0brica de motlles a Manresa","publisher":{"@id":"https:\/\/www.macmodel.es\/#organization"},"potentialAction":[{"@type":"SearchAction","target":{"@type":"EntryPoint","urlTemplate":"https:\/\/www.macmodel.es\/?s={search_term_string}"},"query-input":{"@type":"PropertyValueSpecification","valueRequired":true,"valueName":"search_term_string"}}],"inLanguage":"ca"},{"@type":"Organization","@id":"https:\/\/www.macmodel.es\/#organization","name":"MAC - MODEL","url":"https:\/\/www.macmodel.es\/","logo":{"@type":"ImageObject","inLanguage":"ca","@id":"https:\/\/www.macmodel.es\/#\/schema\/logo\/image\/","url":"http:\/\/www.macmodel.es\/wp-content\/uploads\/2025\/09\/2d.png","contentUrl":"http:\/\/www.macmodel.es\/wp-content\/uploads\/2025\/09\/2d.png","width":603,"height":267,"caption":"MAC - MODEL"},"image":{"@id":"https:\/\/www.macmodel.es\/#\/schema\/logo\/image\/"},"sameAs":["https:\/\/www.instagram.com\/macmodelprototipos\/"]}]}},"_links":{"self":[{"href":"http:\/\/www.macmodel.es\/ca\/wp-json\/wp\/v2\/pages\/68","targetHints":{"allow":["GET"]}}],"collection":[{"href":"http:\/\/www.macmodel.es\/ca\/wp-json\/wp\/v2\/pages"}],"about":[{"href":"http:\/\/www.macmodel.es\/ca\/wp-json\/wp\/v2\/types\/page"}],"author":[{"embeddable":true,"href":"http:\/\/www.macmodel.es\/ca\/wp-json\/wp\/v2\/users\/1"}],"replies":[{"embeddable":true,"href":"http:\/\/www.macmodel.es\/ca\/wp-json\/wp\/v2\/comments?post=68"}],"version-history":[{"count":6,"href":"http:\/\/www.macmodel.es\/ca\/wp-json\/wp\/v2\/pages\/68\/revisions"}],"predecessor-version":[{"id":241,"href":"http:\/\/www.macmodel.es\/ca\/wp-json\/wp\/v2\/pages\/68\/revisions\/241"}],"up":[{"embeddable":true,"href":"http:\/\/www.macmodel.es\/ca\/wp-json\/wp\/v2\/pages\/26"}],"wp:attachment":[{"href":"http:\/\/www.macmodel.es\/ca\/wp-json\/wp\/v2\/media?parent=68"}],"curies":[{"name":"wp","href":"https:\/\/api.w.org\/{rel}","templated":true}]}}